{"id":183,"date":"2024-08-19T11:41:34","date_gmt":"2024-08-19T14:41:34","guid":{"rendered":"https:\/\/wordpress.encon.com.ar\/?page_id=183"},"modified":"2024-08-21T12:33:01","modified_gmt":"2024-08-21T15:33:01","slug":"servicios-de-viaje","status":"publish","type":"page","link":"https:\/\/www.encon.com.ar\/?page_id=183","title":{"rendered":"Servicios de viaje"},"content":{"rendered":"\n<div class=\"wp-block-columns is-layout-flex wp-container-core-columns-is-layout-9d6595d7 wp-block-columns-is-layout-flex\">\n<div class=\"wp-block-column is-layout-flow wp-block-column-is-layout-flow\">\n<h2 class=\"wp-block-heading\">Nuestra flota y servicios<\/h2>\n<\/div>\n<\/div>\n\n\n\n<div class=\"wp-block-columns is-layout-flex wp-container-core-columns-is-layout-9d6595d7 wp-block-columns-is-layout-flex\">\n<div class=\"wp-block-column is-layout-flow wp-block-column-is-layout-flow\">\n<p>ENCON ofrece dos clases de servicio exclusivamente pensados para que su viaje sea solo un momento de descanso y placer. Viva la experiencia de viajar en nuestras modernas unidades disfrutando de todo el confort y el mejor servicio a bordo.<\/p>\n<\/div>\n<\/div>\n\n\n\n<hr class=\"wp-block-separator has-text-color has-alpha-channel-opacity has-background is-style-wide\" style=\"background-color:#ca1b20;color:#ca1b20\"\/>\n\n\n\n<div class=\"wp-block-columns is-layout-flex wp-container-core-columns-is-layout-9d6595d7 wp-block-columns-is-layout-flex\">\n<div class=\"wp-block-column is-layout-flow wp-block-column-is-layout-flow\">\n<h3 class=\"wp-block-heading\"><strong>Servicio Cama Premium<\/strong><\/h3>\n\n\n\n<div style=\"height:15px\" aria-hidden=\"true\" class=\"wp-block-spacer\"><\/div>\n\n\n\n<figure class=\"wp-block-image size-full is-resized\"><img loading=\"lazy\" decoding=\"async\" width=\"451\" height=\"150\" src=\"https:\/\/wordpress.encon.com.ar\/wp-content\/uploads\/2024\/08\/SenViaje01-2.png\" alt=\"\" class=\"wp-image-221\" style=\"width:414px;height:auto\" srcset=\"https:\/\/www.encon.com.ar\/wp-content\/uploads\/2024\/08\/SenViaje01-2.png 451w, https:\/\/www.encon.com.ar\/wp-content\/uploads\/2024\/08\/SenViaje01-2-300x100.png 300w\" sizes=\"auto, (max-width: 451px) 100vw, 451px\" \/><\/figure>\n<\/div>\n\n\n\n<div class=\"wp-block-column is-layout-flow wp-block-column-is-layout-flow\">\n<p><\/p>\n\n\n\n<p class=\"has-small-font-size\">Una moderna l\u00ednea de unidades doble piso, con una fila de asientos dobles y otra simple, lo que permite disponer de mayor espacio entre butacas, las mismas son reclinables y extensibles hasta 160\u00ba y cuenta con mantas y almohadas. Contamos adem\u00e1s con la atenci\u00f3n personalizada de una de nuestras auxiliares de a bordo, desde el mismo momento en que inicie su viaje. Todas nuestras unidades est\u00e1n equipadas con Wifi, aire acondicionado, calefacci\u00f3n, video y bar, entre otros. De acuerdo al horario del viaje y el destino, se sirven bandejas de refrigerio y\/o almuerzo y cena caliente que se pueden acompa\u00f1ar con una gran variedad de bebidas. Viajando por este servicio usted tiene acceso a la sala VIP de la Terminal de Retiro.<\/p>\n<\/div>\n<\/div>\n\n\n\n<hr class=\"wp-block-separator has-text-color has-alpha-channel-opacity has-background is-style-wide\" style=\"background-color:#ca1b20;color:#ca1b20\"\/>\n\n\n\n<div class=\"wp-block-columns is-layout-flex wp-container-core-columns-is-layout-9d6595d7 wp-block-columns-is-layout-flex\">\n<div class=\"wp-block-column is-layout-flow wp-block-column-is-layout-flow\">\n<h3 class=\"wp-block-heading\">Servicio Mix (Cama-Semicama)<\/h3>\n\n\n\n<div style=\"height:15px\" aria-hidden=\"true\" class=\"wp-block-spacer\"><\/div>\n\n\n\n<figure class=\"wp-block-image size-full is-resized\"><img loading=\"lazy\" decoding=\"async\" width=\"451\" height=\"150\" src=\"https:\/\/wordpress.encon.com.ar\/wp-content\/uploads\/2024\/08\/SenViaje02.png\" alt=\"\" class=\"wp-image-231\" style=\"width:414px\" srcset=\"https:\/\/www.encon.com.ar\/wp-content\/uploads\/2024\/08\/SenViaje02.png 451w, https:\/\/www.encon.com.ar\/wp-content\/uploads\/2024\/08\/SenViaje02-300x100.png 300w\" sizes=\"auto, (max-width: 451px) 100vw, 451px\" \/><\/figure>\n<\/div>\n\n\n\n<div class=\"wp-block-column is-layout-flow wp-block-column-is-layout-flow\">\n<p><\/p>\n\n\n\n<p class=\"has-small-font-size\">Se presta en modernas unidades de doble piso, con butacas con calidad Semi-cama en el piso superior, con dos filas de asientos dobles y butacas con calidad Cama en la parte inferior de la unidad, con una fila de asientos doble y otra simple. La distancia entre butacas es amplia permitiendo as\u00ed desplegar el apoya piernas y reclinar a\u00fan m\u00e1s el respaldo para descansar con comodidad dependiendo de la categor\u00eda de la butaca elegida. El servicio incluye adem\u00e1s, video, m\u00fasica, aire acondicionado, calefacci\u00f3n, jugo y caf\u00e9 y refrigerio dependiendo del destino que elija. Todas nuestras unidades cuentan con Wifi<\/p>\n<\/div>\n<\/div>\n","protected":false},"excerpt":{"rendered":"<p>Nuestra flota y servicios ENCON ofrece dos clases de servicio exclusivamente pensados para que su viaje sea solo un momento de descanso y placer. Viva la experiencia de viajar en nuestras modernas unidades disfrutando de todo el confort y el mejor servicio a bordo. Servicio Cama Premium Una moderna l\u00ednea de unidades doble piso, con una fila de asientos dobles [&hellip;]<\/p>\n","protected":false},"author":3,"featured_media":0,"parent":181,"menu_order":1,"comment_status":"closed","ping_status":"closed","template":"","meta":{"footnotes":""},"class_list":["post-183","page","type-page","status-publish","hentry"],"_links":{"self":[{"href":"https:\/\/www.encon.com.ar\/index.php?rest_route=\/wp\/v2\/pages\/183","targetHints":{"allow":["GET"]}}],"collection":[{"href":"https:\/\/www.encon.com.ar\/index.php?rest_route=\/wp\/v2\/pages"}],"about":[{"href":"https:\/\/www.encon.com.ar\/index.php?rest_route=\/wp\/v2\/types\/page"}],"author":[{"embeddable":true,"href":"https:\/\/www.encon.com.ar\/index.php?rest_route=\/wp\/v2\/users\/3"}],"replies":[{"embeddable":true,"href":"https:\/\/www.encon.com.ar\/index.php?rest_route=%2Fwp%2Fv2%2Fcomments&post=183"}],"version-history":[{"count":10,"href":"https:\/\/www.encon.com.ar\/index.php?rest_route=\/wp\/v2\/pages\/183\/revisions"}],"predecessor-version":[{"id":361,"href":"https:\/\/www.encon.com.ar\/index.php?rest_route=\/wp\/v2\/pages\/183\/revisions\/361"}],"up":[{"embeddable":true,"href":"https:\/\/www.encon.com.ar\/index.php?rest_route=\/wp\/v2\/pages\/181"}],"wp:attachment":[{"href":"https:\/\/www.encon.com.ar\/index.php?rest_route=%2Fwp%2Fv2%2Fmedia&parent=183"}],"curies":[{"name":"wp","href":"https:\/\/api.w.org\/{rel}","templated":true}]}}