{"id":201,"date":"2024-08-19T13:33:19","date_gmt":"2024-08-19T16:33:19","guid":{"rendered":"https:\/\/wordpress.encon.com.ar\/?page_id=201"},"modified":"2024-08-21T12:35:06","modified_gmt":"2024-08-21T15:35:06","slug":"publicidad-movil","status":"publish","type":"page","link":"https:\/\/www.encon.com.ar\/?page_id=201","title":{"rendered":"Publicidad m\u00f3vil"},"content":{"rendered":"\n<h3 class=\"wp-block-heading\">Publicite en nuestros servicios<\/h3>\n\n\n\n<div style=\"height:15px\" aria-hidden=\"true\" class=\"wp-block-spacer\"><\/div>\n\n\n\n<div class=\"wp-block-columns is-layout-flex wp-container-core-columns-is-layout-9d6595d7 wp-block-columns-is-layout-flex\">\n<div class=\"wp-block-column is-vertically-aligned-center is-layout-flow wp-block-column-is-layout-flow\" style=\"flex-basis:66.66%\">\n<p class=\"has-small-font-size\">La publicidad m\u00f3vil es uno de los servicios especiales de ENCON, que ofrece diversas ventajas respecto del resto de los medios que hoy se utiliza como parte de la estrategia de posicionamiento de la marca de su empresa, producto o servicio. En promedio, cada veh\u00edculo expone los avisos 18 horas por d\u00eda, en constante movimiento, los 365 d\u00edas del a\u00f1o. De esta forma, se obtienen altos \u00edndices de contacto, logrando penetrar en forma clara y persistente con su mensaje publicitario. El lugar que ofrecemos para publicidad es la luneta trasera de nuestras unidades, consulte por los recorridos disponibles para publicitar, sin restricciones de horarios y ruteos; nosotros nos encargamos del ploteo de la unidad con los motivos que usted disponga. La contrataci\u00f3n de las unidades puede efectuarse por d\u00edas, semanas o meses.<\/p>\n\n\n\n<hr class=\"wp-block-separator has-text-color has-alpha-channel-opacity has-background is-style-wide\" style=\"background-color:#ca1b20;color:#ca1b20\"\/>\n<\/div>\n\n\n\n<div class=\"wp-block-column is-vertically-aligned-center is-layout-flow wp-block-column-is-layout-flow\" style=\"flex-basis:33.33%\">\n<figure class=\"wp-block-image size-full is-resized is-style-default\"><img loading=\"lazy\" decoding=\"async\" width=\"510\" height=\"369\" src=\"https:\/\/wordpress.encon.com.ar\/wp-content\/uploads\/2024\/08\/publicidadMovil-2.jpg\" alt=\"\" class=\"wp-image-260\" style=\"width:344px;height:auto\" srcset=\"https:\/\/www.encon.com.ar\/wp-content\/uploads\/2024\/08\/publicidadMovil-2.jpg 510w, https:\/\/www.encon.com.ar\/wp-content\/uploads\/2024\/08\/publicidadMovil-2-300x217.jpg 300w\" sizes=\"auto, (max-width: 510px) 100vw, 510px\" \/><\/figure>\n<\/div>\n<\/div>\n\n\n\n<p><\/p>\n","protected":false},"excerpt":{"rendered":"<p>Publicite en nuestros servicios La publicidad m\u00f3vil es uno de los servicios especiales de ENCON, que ofrece diversas ventajas respecto del resto de los medios que hoy se utiliza como parte de la estrategia de posicionamiento de la marca de su empresa, producto o servicio. En promedio, cada veh\u00edculo expone los avisos 18 horas por d\u00eda, en constante movimiento, los [&hellip;]<\/p>\n","protected":false},"author":3,"featured_media":0,"parent":181,"menu_order":0,"comment_status":"closed","ping_status":"closed","template":"","meta":{"footnotes":""},"class_list":["post-201","page","type-page","status-publish","hentry"],"_links":{"self":[{"href":"https:\/\/www.encon.com.ar\/index.php?rest_route=\/wp\/v2\/pages\/201","targetHints":{"allow":["GET"]}}],"collection":[{"href":"https:\/\/www.encon.com.ar\/index.php?rest_route=\/wp\/v2\/pages"}],"about":[{"href":"https:\/\/www.encon.com.ar\/index.php?rest_route=\/wp\/v2\/types\/page"}],"author":[{"embeddable":true,"href":"https:\/\/www.encon.com.ar\/index.php?rest_route=\/wp\/v2\/users\/3"}],"replies":[{"embeddable":true,"href":"https:\/\/www.encon.com.ar\/index.php?rest_route=%2Fwp%2Fv2%2Fcomments&post=201"}],"version-history":[{"count":18,"href":"https:\/\/www.encon.com.ar\/index.php?rest_route=\/wp\/v2\/pages\/201\/revisions"}],"predecessor-version":[{"id":363,"href":"https:\/\/www.encon.com.ar\/index.php?rest_route=\/wp\/v2\/pages\/201\/revisions\/363"}],"up":[{"embeddable":true,"href":"https:\/\/www.encon.com.ar\/index.php?rest_route=\/wp\/v2\/pages\/181"}],"wp:attachment":[{"href":"https:\/\/www.encon.com.ar\/index.php?rest_route=%2Fwp%2Fv2%2Fmedia&parent=201"}],"curies":[{"name":"wp","href":"https:\/\/api.w.org\/{rel}","templated":true}]}}