{"id":203,"date":"2024-08-19T13:35:13","date_gmt":"2024-08-19T16:35:13","guid":{"rendered":"https:\/\/wordpress.encon.com.ar\/?page_id=203"},"modified":"2024-08-21T12:33:56","modified_gmt":"2024-08-21T15:33:56","slug":"alquiler-de-unidades","status":"publish","type":"page","link":"https:\/\/www.encon.com.ar\/?page_id=203","title":{"rendered":"Alquiler de unidades"},"content":{"rendered":"\n<h3 class=\"wp-block-heading\">Servicios nacionales, regionales e internacionales<\/h3>\n\n\n\n<div style=\"height:15px\" aria-hidden=\"true\" class=\"wp-block-spacer\"><\/div>\n\n\n\n<div class=\"wp-block-columns is-layout-flex wp-container-core-columns-is-layout-9d6595d7 wp-block-columns-is-layout-flex\">\n<div class=\"wp-block-column is-layout-flow wp-block-column-is-layout-flow\">\n<p>Se trata de un servicio del \u00e1rea de viajes especiales orientado a aquellos que deseen contratar unidades de \u00faltima generaci\u00f3n para viajes de media o larga distancia con fines tur\u00edsticos, empresariales, educativos, congresos o convenciones, etc. Contamos con unidades semicama de 56 asientos y unidades cama de 40 asientos, equipadas con todo el confort, aire acondicionado, m\u00fasica funcional, TV DVD, ba\u00f1os.<\/p>\n\n\n\n<hr class=\"wp-block-separator has-text-color has-alpha-channel-opacity has-background is-style-wide\" style=\"background-color:#ca1b20;color:#ca1b20\"\/>\n<\/div>\n\n\n\n<div class=\"wp-block-column is-layout-flow wp-block-column-is-layout-flow\">\n<figure class=\"wp-block-image size-medium\"><img loading=\"lazy\" decoding=\"async\" width=\"300\" height=\"240\" src=\"https:\/\/wordpress.encon.com.ar\/wp-content\/uploads\/2024\/08\/alquilerUni03-300x240.png\" alt=\"\" class=\"wp-image-267\" srcset=\"https:\/\/www.encon.com.ar\/wp-content\/uploads\/2024\/08\/alquilerUni03-300x240.png 300w, https:\/\/www.encon.com.ar\/wp-content\/uploads\/2024\/08\/alquilerUni03.png 400w\" sizes=\"auto, (max-width: 300px) 100vw, 300px\" \/><\/figure>\n<\/div>\n<\/div>\n","protected":false},"excerpt":{"rendered":"<p>Servicios nacionales, regionales e internacionales Se trata de un servicio del \u00e1rea de viajes especiales orientado a aquellos que deseen contratar unidades de \u00faltima generaci\u00f3n para viajes de media o larga distancia con fines tur\u00edsticos, empresariales, educativos, congresos o convenciones, etc. Contamos con unidades semicama de 56 asientos y unidades cama de 40 asientos, equipadas con todo el confort, aire [&hellip;]<\/p>\n","protected":false},"author":3,"featured_media":0,"parent":181,"menu_order":0,"comment_status":"closed","ping_status":"closed","template":"","meta":{"footnotes":""},"class_list":["post-203","page","type-page","status-publish","hentry"],"_links":{"self":[{"href":"https:\/\/www.encon.com.ar\/index.php?rest_route=\/wp\/v2\/pages\/203","targetHints":{"allow":["GET"]}}],"collection":[{"href":"https:\/\/www.encon.com.ar\/index.php?rest_route=\/wp\/v2\/pages"}],"about":[{"href":"https:\/\/www.encon.com.ar\/index.php?rest_route=\/wp\/v2\/types\/page"}],"author":[{"embeddable":true,"href":"https:\/\/www.encon.com.ar\/index.php?rest_route=\/wp\/v2\/users\/3"}],"replies":[{"embeddable":true,"href":"https:\/\/www.encon.com.ar\/index.php?rest_route=%2Fwp%2Fv2%2Fcomments&post=203"}],"version-history":[{"count":6,"href":"https:\/\/www.encon.com.ar\/index.php?rest_route=\/wp\/v2\/pages\/203\/revisions"}],"predecessor-version":[{"id":362,"href":"https:\/\/www.encon.com.ar\/index.php?rest_route=\/wp\/v2\/pages\/203\/revisions\/362"}],"up":[{"embeddable":true,"href":"https:\/\/www.encon.com.ar\/index.php?rest_route=\/wp\/v2\/pages\/181"}],"wp:attachment":[{"href":"https:\/\/www.encon.com.ar\/index.php?rest_route=%2Fwp%2Fv2%2Fmedia&parent=203"}],"curies":[{"name":"wp","href":"https:\/\/api.w.org\/{rel}","templated":true}]}}