{"id":422,"date":"2024-08-22T11:39:15","date_gmt":"2024-08-22T14:39:15","guid":{"rendered":"https:\/\/wordpress.encon.com.ar\/?page_id=422"},"modified":"2026-01-19T13:56:40","modified_gmt":"2026-01-19T16:56:40","slug":"contacto","status":"publish","type":"page","link":"https:\/\/www.encon.com.ar\/?page_id=422","title":{"rendered":"Contacto"},"content":{"rendered":"\n<p><strong>Tel\u00e9fono:\u00a0<\/strong><a href=\"https:\/\/www.google.com\/search?q=encon&amp;rlz=1C1CHBD_esAR1104AR1105&amp;oq=encon&amp;gs_lcrp=EgZjaHJvbWUyBggAEEUYOTIGCAEQRRg8MgYIAhBFGDwyDwgDEAAYQxixAxiABBiKBTIPCAQQABhDGLEDGIAEGIoFMg0IBRAAGIMBGLEDGIAEMgYIBhBFGDwyBggHEEUYPNIBCDE0MDZqMGo3qAIAsAIA&amp;sourceid=chrome&amp;ie=UTF-8#\">+91544945021<\/a><\/p>\n\n\n\n<p><strong>Mail:<\/strong> <a href=\"mailto:info@encon.com.ar\">info@encon.com.ar<\/a><\/p>\n\n\n\n<p><strong>Direcci\u00f3n:&nbsp;<\/strong>Av. Dr. Jos\u00e9 Mar\u00eda Ramos Mej\u00eda 1680, C1104 Cdad. Aut\u00f3noma de Buenos Aires.<\/p>\n\n\n\n<figure class=\"wp-block-image size-full\"><a href=\"https:\/\/www.google.com\/maps\/place\/Expreso+Encon+SRL\/@-34.588665,-58.37212,17z\/data=!3m1!4b1!4m6!3m5!1s0x95bccab3499e3e9b:0x9947d9f6401dfadc!8m2!3d-34.588665!4d-58.37212!16s%2Fg%2F11bbrh_3mg?entry=ttu&amp;g_ep=EgoyMDI0MDgyMC4xIKXMDSoASAFQAw%3D%3D\" target=\"_blank\" rel=\"noreferrer noopener\"><img loading=\"lazy\" decoding=\"async\" width=\"640\" height=\"355\" src=\"https:\/\/wordpress.encon.com.ar\/wp-content\/uploads\/2024\/08\/image.png\" alt=\"\" class=\"wp-image-442\" srcset=\"https:\/\/www.encon.com.ar\/wp-content\/uploads\/2024\/08\/image.png 640w, https:\/\/www.encon.com.ar\/wp-content\/uploads\/2024\/08\/image-300x166.png 300w\" sizes=\"auto, (max-width: 640px) 100vw, 640px\" \/><\/a><\/figure>\n","protected":false},"excerpt":{"rendered":"<p>Tel\u00e9fono:\u00a0+91544945021 Mail: info@encon.com.ar Direcci\u00f3n:&nbsp;Av. Dr. Jos\u00e9 Mar\u00eda Ramos Mej\u00eda 1680, C1104 Cdad. Aut\u00f3noma de Buenos Aires.<\/p>\n","protected":false},"author":3,"featured_media":0,"parent":0,"menu_order":0,"comment_status":"closed","ping_status":"closed","template":"","meta":{"footnotes":""},"class_list":["post-422","page","type-page","status-publish","hentry"],"_links":{"self":[{"href":"https:\/\/www.encon.com.ar\/index.php?rest_route=\/wp\/v2\/pages\/422","targetHints":{"allow":["GET"]}}],"collection":[{"href":"https:\/\/www.encon.com.ar\/index.php?rest_route=\/wp\/v2\/pages"}],"about":[{"href":"https:\/\/www.encon.com.ar\/index.php?rest_route=\/wp\/v2\/types\/page"}],"author":[{"embeddable":true,"href":"https:\/\/www.encon.com.ar\/index.php?rest_route=\/wp\/v2\/users\/3"}],"replies":[{"embeddable":true,"href":"https:\/\/www.encon.com.ar\/index.php?rest_route=%2Fwp%2Fv2%2Fcomments&post=422"}],"version-history":[{"count":6,"href":"https:\/\/www.encon.com.ar\/index.php?rest_route=\/wp\/v2\/pages\/422\/revisions"}],"predecessor-version":[{"id":707,"href":"https:\/\/www.encon.com.ar\/index.php?rest_route=\/wp\/v2\/pages\/422\/revisions\/707"}],"wp:attachment":[{"href":"https:\/\/www.encon.com.ar\/index.php?rest_route=%2Fwp%2Fv2%2Fmedia&parent=422"}],"curies":[{"name":"wp","href":"https:\/\/api.w.org\/{rel}","templated":true}]}}