{"id":503,"date":"2024-08-23T13:46:10","date_gmt":"2024-08-23T16:46:10","guid":{"rendered":"https:\/\/wordpress.encon.com.ar\/?page_id=503"},"modified":"2024-08-23T14:18:37","modified_gmt":"2024-08-23T17:18:37","slug":"acumulacion-de-puntos","status":"publish","type":"page","link":"https:\/\/www.encon.com.ar\/?page_id=503","title":{"rendered":"ACUMULACI\u00d3N DE PUNTOS"},"content":{"rendered":"\n<h4 class=\"wp-block-heading has-text-color has-link-color wp-elements-231d1ad8282a00fd34fecebdb61da17e\" style=\"color:#ca1b20\"><strong>\u00bfC\u00f3mo se acumulan puntos en el programa?<\/strong><\/h4>\n\n\n\n<p>Acumulan puntos las compras online realizadas a trav\u00e9s del sitio web de Encon y Centraldepasajes.com<\/p>\n\n\n\n<p>Tambi\u00e9n acumulan puntos los servicios habilitados que se compren en boleter\u00edas, agencias y telef\u00f3nicamente.<\/p>\n\n\n\n<p><strong><u>No olvides mencionar que sos socio Recorrer! para que sumen tus puntos al momento de la compra.<\/u><\/strong>.<\/p>\n\n\n\n<h4 class=\"wp-block-heading has-text-color has-link-color wp-elements-0a27c85b5522d3cdaf7e11158645d173\" style=\"color:#ca1b20\"><strong>\u00bfLos puntos se acreditan de forma autom\u00e1tica en mi cuenta?<\/strong><\/h4>\n\n\n\n<p>No. En las compras en boleter\u00edas y agencias (y previo registro en el programa) los puntos se acreditar\u00e1n en tu cuenta si mencionas que sos socio Recorrer.<\/p>\n\n\n\n<p><strong><u>En la compra online<\/u><\/strong>&nbsp;tus puntos Recorrer se acreditar\u00e1n en tu cuenta en los siguientes 7 d\u00edas de realizada la compra online en la web de Encon o en Centraldepasajes.com.<\/p>\n\n\n\n<p><strong><u>En la compra telef\u00f3nica<\/u><\/strong>&nbsp;la acreditaci\u00f3n de tus puntos Recorrer se realiza por medio de la carga manual del c\u00f3digo de tu e-ticket en tu cuenta.<\/p>\n\n\n\n<h3 class=\"wp-block-heading\">Paso 1 por la compra Telef\u00f3nica<\/h3>\n\n\n\n<p>Identificaci\u00f3n de c\u00f3digo Recorrer en e-Ticket<\/p>\n\n\n\n<figure class=\"wp-block-image is-resized\"><img decoding=\"async\" src=\"https:\/\/www.encon.com.ar\/wp-content\/uploads\/2019\/06\/Paso-2.jpg\" alt=\"\" style=\"width:556px;height:auto\"\/><\/figure>\n\n\n\n<div style=\"height:100px\" aria-hidden=\"true\" class=\"wp-block-spacer\"><\/div>\n\n\n\n<h3 class=\"wp-block-heading\">Paso 2 por la compra Telef\u00f3nica<\/h3>\n\n\n\n<p>Ingreso de c\u00f3digo de e-Ticket en la web.<\/p>\n\n\n\n<figure class=\"wp-block-image is-resized is-style-default\"><img decoding=\"async\" src=\"https:\/\/www.encon.com.ar\/wp-content\/uploads\/2019\/06\/Paso-1.jpg\" alt=\"\" style=\"width:556px;height:auto\"\/><\/figure>\n\n\n\n<div style=\"height:100px\" aria-hidden=\"true\" class=\"wp-block-spacer\"><\/div>\n\n\n\n<h4 class=\"wp-block-heading has-text-color has-link-color wp-elements-2eb0e8ee92779835fbf3807e0fb5a562\" style=\"color:#ca1b20\"><strong>\u00bfSi compro un pasaje en una boleter\u00eda, agencia o terminal sumo puntos al programa?<\/strong><\/h4>\n\n\n\n<p>Si, las compras realizadas en terminales, boleter\u00edas y agencias tambi\u00e9n suman puntos Recorrer.<\/p>\n\n\n\n<p><strong>No olvides mencionar que sos socio de Recorrer as\u00ed te suman los puntos en el momento de la compra<\/strong>.<\/p>\n\n\n\n<h4 class=\"wp-block-heading has-text-color has-link-color wp-elements-3498b0dd584de7d379a86171b9a54501\" style=\"color:#ca1b20\"><strong>\u00bfCu\u00e1ntos puntos acumulo con cada compra de pasajes?<\/strong><\/h4>\n\n\n\n<p>La cantidad de puntos que acumules depender\u00e1 de la tarifa del pasaje.<br>Por cada $1 de tu compra, le corresponder\u00e1 un punto acumulado.<br>Por ejemplo, si el pasaje cuesta $500, acumular\u00e1s 500 puntos.<\/p>\n\n\n\n<h4 class=\"wp-block-heading has-text-color has-link-color wp-elements-bcbf8486fc6ebf7b00a4f601d301e3af\" style=\"color:#ca1b20\"><strong>\u00bfExiste un m\u00ednimo de acumulaci\u00f3n?<\/strong><\/h4>\n\n\n\n<p>No.<\/p>\n\n\n\n<h4 class=\"wp-block-heading has-text-color has-link-color wp-elements-475871c3d89976af00fd7959d768cc14\" style=\"color:#ca1b20\"><strong>\u00bfTodos las calidades de servicio (semicama, cama, suite) acumulan puntos en el programa?<\/strong><\/h4>\n\n\n\n<p>S\u00ed, todos los servicios Encon acumulan puntos a excepci\u00f3n de promociones que dentro de sus t\u00e9rminos y condiciones indiquen lo contrario.<\/p>\n\n\n\n<h4 class=\"wp-block-heading has-text-color has-link-color wp-elements-785eff3dcd3c737819802ab1ac58ef9b\" style=\"color:#ca1b20\"><strong>\u00bfTodos los destinos suman puntos en el programa?<\/strong><\/h4>\n\n\n\n<p>Si, la compra a cualquier destino ofrecido por Encon acumula puntos a excepci\u00f3n de promociones que dentro de sus t\u00e9rminos y condiciones indiquen lo contrario.<\/p>\n\n\n\n<h4 class=\"wp-block-heading has-text-color has-link-color wp-elements-9c66b043d7cf167908961063faab24ec\" style=\"color:#ca1b20\"><strong>Compr\u00e9 pasajes para m\u00ed y mi familia: \u00bftodos suman puntos?<\/strong><\/h4>\n\n\n\n<p>S\u00ed, todos suman puntos a sus cuentas. Cada miembro de tu familia tiene que tener su propia cuenta en el programa. Para poder compartir los puntos todos deben ser parte de tu &#8220;grupo familiar&#8221;.<\/p>\n\n\n\n<h4 class=\"wp-block-heading has-text-color has-link-color wp-elements-95fb8f2384bf488eeb5c044189da40b6\" style=\"color:#ca1b20\"><strong>\u00bfC\u00f3mo doy de alta mi grupo familiar?<\/strong><\/h4>\n\n\n\n<p>Desde tu cuenta, en la solapa &#8220;Mis puntos&#8221; tenes la posibilidad de dar de alta a cada miembro de tu familia. (todos tienen que ser mayores de 18 a\u00f1os)<\/p>\n\n\n\n<h4 class=\"wp-block-heading has-text-color has-link-color wp-elements-7c07ded56c9bc22865e91566a3c8af46\" style=\"color:#ca1b20\"><strong>\u00bfPuedo acumular puntos con pasajes comprados que no sean de mi grupo familiar?<\/strong><\/h4>\n\n\n\n<p>No, no podr\u00e1s hacerlo. S\u00f3lo suma puntos quien viaja y tenga una cuenta asociada.<\/p>\n\n\n\n<h3 class=\"wp-block-heading\">Vencimiento de puntos<\/h3>\n\n\n\n<h4 class=\"wp-block-heading has-text-color has-link-color wp-elements-48d2bd9d3adb2bb490dc66d7ef6187a8\" style=\"color:#ca1b20\"><strong>\u00bfCu\u00e1ndo vencen los puntos?<\/strong><\/h4>\n\n\n\n<p>Los puntos acumulados por pasajes tendr\u00e1n una vigencia de 18 meses desde la acumulaci\u00f3n. Ver t\u00e9rminos y condiciones.<\/p>\n\n\n\n<h3 class=\"wp-block-heading\">Revis\u00e1 tu estado de cuenta<\/h3>\n\n\n\n<h4 class=\"wp-block-heading has-text-color has-link-color wp-elements-b120db1a2514d4d83640d6c244ce6d98\" style=\"color:#ca1b20\"><strong>\u00bfC\u00f3mo reviso mi saldo de puntos?<\/strong><\/h4>\n\n\n\n<p>Pod\u00e9s revisar tu saldo en nuestro sitio encon.com.ar , ingresando tu usuario y clave.<\/p>\n\n\n\n<h4 class=\"wp-block-heading has-text-color has-link-color wp-elements-6ae394df9f717dbbe262fb927a56f74d\" style=\"color:#ca1b20\"><strong>\u00bfC\u00f3mo puedo usar los puntos del programa?<\/strong><\/h4>\n\n\n\n<p>Los puntos son canjeables por pasajes a cualquiera de los destinos de Flechabus o cualquiera de las&nbsp;<a href=\"http:\/\/www.clubrecorrer.com.ar\/empresas-adheridas\" target=\"_blank\" rel=\"noreferrer noopener\">empresas adheridas<\/a>&nbsp;al Club Recorrer.<\/p>\n\n\n\n<h4 class=\"wp-block-heading has-text-color has-link-color wp-elements-84603b9cc43510d1acf8dad8efe32a63\" style=\"color:#ca1b20\"><strong>\u00bfSe pueden transferir mis puntos a una cuenta que no sea de mi grupo familiar?<\/strong><\/h4>\n\n\n\n<p><strong><\/strong>No, no es posible.<\/p>\n","protected":false},"excerpt":{"rendered":"<p>\u00bfC\u00f3mo se acumulan puntos en el programa? Acumulan puntos las compras online realizadas a trav\u00e9s del sitio web de Encon y Centraldepasajes.com Tambi\u00e9n acumulan puntos los servicios habilitados que se compren en boleter\u00edas, agencias y telef\u00f3nicamente. No olvides mencionar que sos socio Recorrer! para que sumen tus puntos al momento de la compra.. \u00bfLos puntos se acreditan de forma autom\u00e1tica [&hellip;]<\/p>\n","protected":false},"author":3,"featured_media":0,"parent":489,"menu_order":0,"comment_status":"closed","ping_status":"closed","template":"","meta":{"footnotes":""},"class_list":["post-503","page","type-page","status-publish","hentry"],"_links":{"self":[{"href":"https:\/\/www.encon.com.ar\/index.php?rest_route=\/wp\/v2\/pages\/503","targetHints":{"allow":["GET"]}}],"collection":[{"href":"https:\/\/www.encon.com.ar\/index.php?rest_route=\/wp\/v2\/pages"}],"about":[{"href":"https:\/\/www.encon.com.ar\/index.php?rest_route=\/wp\/v2\/types\/page"}],"author":[{"embeddable":true,"href":"https:\/\/www.encon.com.ar\/index.php?rest_route=\/wp\/v2\/users\/3"}],"replies":[{"embeddable":true,"href":"https:\/\/www.encon.com.ar\/index.php?rest_route=%2Fwp%2Fv2%2Fcomments&post=503"}],"version-history":[{"count":7,"href":"https:\/\/www.encon.com.ar\/index.php?rest_route=\/wp\/v2\/pages\/503\/revisions"}],"predecessor-version":[{"id":545,"href":"https:\/\/www.encon.com.ar\/index.php?rest_route=\/wp\/v2\/pages\/503\/revisions\/545"}],"up":[{"embeddable":true,"href":"https:\/\/www.encon.com.ar\/index.php?rest_route=\/wp\/v2\/pages\/489"}],"wp:attachment":[{"href":"https:\/\/www.encon.com.ar\/index.php?rest_route=%2Fwp%2Fv2%2Fmedia&parent=503"}],"curies":[{"name":"wp","href":"https:\/\/api.w.org\/{rel}","templated":true}]}}