{"id":547,"date":"2024-08-23T15:36:45","date_gmt":"2024-08-23T18:36:45","guid":{"rendered":"https:\/\/wordpress.encon.com.ar\/?page_id=547"},"modified":"2024-08-23T16:19:02","modified_gmt":"2024-08-23T19:19:02","slug":"institucional","status":"publish","type":"page","link":"https:\/\/www.encon.com.ar\/?page_id=547","title":{"rendered":"Institucional"},"content":{"rendered":"\n<div class=\"wp-block-columns is-layout-flex wp-container-core-columns-is-layout-9d6595d7 wp-block-columns-is-layout-flex\">\n<div class=\"wp-block-column is-layout-flow wp-block-column-is-layout-flow\"><div class=\"wp-block-image\">\n<figure class=\"aligncenter size-full is-resized\"><a href=\"https:\/\/wordpress.encon.com.ar\/?page_id=563\"><img loading=\"lazy\" decoding=\"async\" width=\"171\" height=\"142\" src=\"https:\/\/wordpress.encon.com.ar\/wp-content\/uploads\/2024\/08\/Recurso-2.png\" alt=\"\" class=\"wp-image-553\" style=\"width:100px\"\/><\/a><\/figure>\n<\/div>\n\n\n<h3 class=\"wp-block-heading has-text-align-center\">La Empresa<\/h3>\n\n\n\n<p class=\"has-text-align-center\">Conozca m\u00e1s sobre&nbsp;<strong>ENCON<\/strong>, quienes somos y nuestra historia.<\/p>\n<\/div>\n\n\n\n<div class=\"wp-block-column is-layout-flow wp-block-column-is-layout-flow\"><div class=\"wp-block-image\">\n<figure class=\"aligncenter size-full is-resized\"><a href=\"https:\/\/wordpress.encon.com.ar\/?page_id=566\"><img loading=\"lazy\" decoding=\"async\" width=\"171\" height=\"142\" src=\"https:\/\/wordpress.encon.com.ar\/wp-content\/uploads\/2024\/08\/Recurso-1.png\" alt=\"\" class=\"wp-image-555\" style=\"width:100px\"\/><\/a><\/figure>\n<\/div>\n\n\n<h3 class=\"wp-block-heading has-text-align-center\">Condiciones de viaje<\/h3>\n\n\n\n<p class=\"has-text-align-center\">Inf\u00f3rmese sobre los detalles y condiciones legales antes de su viaje.<\/p>\n<\/div>\n\n\n\n<div class=\"wp-block-column is-layout-flow wp-block-column-is-layout-flow\"><div class=\"wp-block-image\">\n<figure class=\"aligncenter size-full is-resized\"><a href=\"https:\/\/wordpress.encon.com.ar\/?page_id=572\"><img loading=\"lazy\" decoding=\"async\" width=\"171\" height=\"142\" src=\"https:\/\/wordpress.encon.com.ar\/wp-content\/uploads\/2024\/08\/Recurso-3.png\" alt=\"\" class=\"wp-image-554\" style=\"width:100px\"\/><\/a><\/figure>\n<\/div>\n\n\n<h3 class=\"wp-block-heading has-text-align-center\">Viajes internacionales<\/h3>\n\n\n\n<p class=\"has-text-align-center\">Detalles de la documentaci\u00f3n requerida para viajes internacionales y equipaje especial.<\/p>\n<\/div>\n<\/div>\n\n\n\n<p><\/p>\n","protected":false},"excerpt":{"rendered":"<p>La Empresa Conozca m\u00e1s sobre&nbsp;ENCON, quienes somos y nuestra historia. Condiciones de viaje Inf\u00f3rmese sobre los detalles y condiciones legales antes de su viaje. Viajes internacionales Detalles de la documentaci\u00f3n requerida para viajes internacionales y equipaje especial.<\/p>\n","protected":false},"author":3,"featured_media":0,"parent":0,"menu_order":0,"comment_status":"closed","ping_status":"closed","template":"","meta":{"footnotes":""},"class_list":["post-547","page","type-page","status-publish","hentry"],"_links":{"self":[{"href":"https:\/\/www.encon.com.ar\/index.php?rest_route=\/wp\/v2\/pages\/547","targetHints":{"allow":["GET"]}}],"collection":[{"href":"https:\/\/www.encon.com.ar\/index.php?rest_route=\/wp\/v2\/pages"}],"about":[{"href":"https:\/\/www.encon.com.ar\/index.php?rest_route=\/wp\/v2\/types\/page"}],"author":[{"embeddable":true,"href":"https:\/\/www.encon.com.ar\/index.php?rest_route=\/wp\/v2\/users\/3"}],"replies":[{"embeddable":true,"href":"https:\/\/www.encon.com.ar\/index.php?rest_route=%2Fwp%2Fv2%2Fcomments&post=547"}],"version-history":[{"count":8,"href":"https:\/\/www.encon.com.ar\/index.php?rest_route=\/wp\/v2\/pages\/547\/revisions"}],"predecessor-version":[{"id":582,"href":"https:\/\/www.encon.com.ar\/index.php?rest_route=\/wp\/v2\/pages\/547\/revisions\/582"}],"wp:attachment":[{"href":"https:\/\/www.encon.com.ar\/index.php?rest_route=%2Fwp%2Fv2%2Fmedia&parent=547"}],"curies":[{"name":"wp","href":"https:\/\/api.w.org\/{rel}","templated":true}]}}