{"id":563,"date":"2024-08-23T15:47:52","date_gmt":"2024-08-23T18:47:52","guid":{"rendered":"https:\/\/wordpress.encon.com.ar\/?page_id=563"},"modified":"2024-08-24T09:16:26","modified_gmt":"2024-08-24T12:16:26","slug":"la-empresa","status":"publish","type":"page","link":"https:\/\/www.encon.com.ar\/?page_id=563","title":{"rendered":"La Empresa"},"content":{"rendered":"\n<div class=\"wp-block-columns is-layout-flex wp-container-core-columns-is-layout-9d6595d7 wp-block-columns-is-layout-flex\">\n<div class=\"wp-block-column is-layout-flow wp-block-column-is-layout-flow\" style=\"flex-basis:66.66%\">\n<h3 class=\"wp-block-heading\">Quienes somos<\/h3>\n<\/div>\n<\/div>\n\n\n\n<hr class=\"wp-block-separator has-text-color has-vivid-red-color has-alpha-channel-opacity has-vivid-red-background-color has-background is-style-wide\"\/>\n\n\n\n<div class=\"wp-block-columns is-layout-flex wp-container-core-columns-is-layout-9d6595d7 wp-block-columns-is-layout-flex\">\n<div class=\"wp-block-column is-layout-flow wp-block-column-is-layout-flow\" style=\"flex-basis:50%\">\n<p>Una empresa que desde nuestro inicio brindamos un servicio de calidad superior basado en el compromiso, la responsabilidad y la satisfacci\u00f3n del cliente. Contamos con una basta experiencia, adquirida por los a\u00f1os de trabajo y por saber escuchar a nuestros clientes, para poder satisfacer sus necesidades. Como empresa de transporte nuestra misi\u00f3n es brindar un servicio de excelencia a nuestros clientes en todo el territorio argentino y la regi\u00f3n lim\u00edtrofe. Nuestra visi\u00f3n es ser una empresa modelo donde el fin \u00faltimo sea la satisfacci\u00f3n del cliente, pudiendo llevarlo a sus destinos de la mejor forma.<\/p>\n<\/div>\n\n\n\n<div class=\"wp-block-column is-layout-flow wp-block-column-is-layout-flow\" style=\"flex-basis:50%\">\n<figure class=\"wp-block-image size-full is-resized\"><img loading=\"lazy\" decoding=\"async\" width=\"510\" height=\"248\" src=\"https:\/\/wordpress.encon.com.ar\/wp-content\/uploads\/2024\/08\/retiroSalaVIP.jpg\" alt=\"\" class=\"wp-image-583\" style=\"width:840px;height:auto\" srcset=\"https:\/\/www.encon.com.ar\/wp-content\/uploads\/2024\/08\/retiroSalaVIP.jpg 510w, https:\/\/www.encon.com.ar\/wp-content\/uploads\/2024\/08\/retiroSalaVIP-300x146.jpg 300w\" sizes=\"auto, (max-width: 510px) 100vw, 510px\" \/><figcaption class=\"wp-element-caption\">Sala VIP Encon en Retiro.<\/figcaption><\/figure>\n<\/div>\n<\/div>\n\n\n\n<h3 class=\"wp-block-heading\"> Nuestra historia<\/h3>\n\n\n\n<hr class=\"wp-block-separator has-text-color has-vivid-red-color has-alpha-channel-opacity has-vivid-red-background-color has-background is-style-wide\"\/>\n\n\n\n<div class=\"wp-block-columns is-layout-flex wp-container-core-columns-is-layout-9d6595d7 wp-block-columns-is-layout-flex\">\n<div class=\"wp-block-column is-layout-flow wp-block-column-is-layout-flow\" style=\"flex-basis:50%\">\n<figure class=\"wp-block-image size-full is-resized\"><img loading=\"lazy\" decoding=\"async\" width=\"510\" height=\"287\" src=\"https:\/\/wordpress.encon.com.ar\/wp-content\/uploads\/2024\/08\/elEncon.jpg\" alt=\"\" class=\"wp-image-586\" style=\"width:840px;height:auto\" srcset=\"https:\/\/www.encon.com.ar\/wp-content\/uploads\/2024\/08\/elEncon.jpg 510w, https:\/\/www.encon.com.ar\/wp-content\/uploads\/2024\/08\/elEncon-300x169.jpg 300w\" sizes=\"auto, (max-width: 510px) 100vw, 510px\" \/><figcaption class=\"wp-element-caption\">Paraje El Encon, San Juan.<\/figcaption><\/figure>\n<\/div>\n\n\n\n<div class=\"wp-block-column is-layout-flow wp-block-column-is-layout-flow\" style=\"flex-basis:50%\">\n<p>ENCON es un pueblo que se encuentra en San Juan, en honor a un cacique indio de dicha zona. Una mujer adelantada a su \u00e9poca que viv\u00eda en San Juan, funda la empresa en 1974, que luego es adquirida por el se\u00f1or Rossi Giovenale, de C\u00f3rdoba. Iniciando sus recorridos en baja temporada hacia la ciudad de Montevideo, Uruguay; y en alta temporada hasta la ciudad de Punta del Este. Esta empresa se caracterizaba por ser familiar, manejada por \u00e9l y sus primos. Es en 1990 cuando es adquirida por el Se\u00f1or Jorge Renaud, que durante 15 a\u00f1os mantiene la empresa, hasta que a fines del a\u00f1o 2005, \u00e9sta es adquirida por sus actuales propietarios, transform\u00e1ndola en una empresa l\u00edder y de alt\u00edsima calidad.<\/p>\n<\/div>\n<\/div>\n","protected":false},"excerpt":{"rendered":"<p>Quienes somos Una empresa que desde nuestro inicio brindamos un servicio de calidad superior basado en el compromiso, la responsabilidad y la satisfacci\u00f3n del cliente. Contamos con una basta experiencia, adquirida por los a\u00f1os de trabajo y por saber escuchar a nuestros clientes, para poder satisfacer sus necesidades. Como empresa de transporte nuestra misi\u00f3n es brindar un servicio de excelencia [&hellip;]<\/p>\n","protected":false},"author":3,"featured_media":0,"parent":547,"menu_order":0,"comment_status":"closed","ping_status":"closed","template":"","meta":{"footnotes":""},"class_list":["post-563","page","type-page","status-publish","hentry"],"_links":{"self":[{"href":"https:\/\/www.encon.com.ar\/index.php?rest_route=\/wp\/v2\/pages\/563","targetHints":{"allow":["GET"]}}],"collection":[{"href":"https:\/\/www.encon.com.ar\/index.php?rest_route=\/wp\/v2\/pages"}],"about":[{"href":"https:\/\/www.encon.com.ar\/index.php?rest_route=\/wp\/v2\/types\/page"}],"author":[{"embeddable":true,"href":"https:\/\/www.encon.com.ar\/index.php?rest_route=\/wp\/v2\/users\/3"}],"replies":[{"embeddable":true,"href":"https:\/\/www.encon.com.ar\/index.php?rest_route=%2Fwp%2Fv2%2Fcomments&post=563"}],"version-history":[{"count":11,"href":"https:\/\/www.encon.com.ar\/index.php?rest_route=\/wp\/v2\/pages\/563\/revisions"}],"predecessor-version":[{"id":604,"href":"https:\/\/www.encon.com.ar\/index.php?rest_route=\/wp\/v2\/pages\/563\/revisions\/604"}],"up":[{"embeddable":true,"href":"https:\/\/www.encon.com.ar\/index.php?rest_route=\/wp\/v2\/pages\/547"}],"wp:attachment":[{"href":"https:\/\/www.encon.com.ar\/index.php?rest_route=%2Fwp%2Fv2%2Fmedia&parent=563"}],"curies":[{"name":"wp","href":"https:\/\/api.w.org\/{rel}","templated":true}]}}